{"id":1513,"date":"2018-01-11T15:04:59","date_gmt":"2018-01-11T15:04:59","guid":{"rendered":"https:\/\/grupmach.es\/politica-de-privacidad\/"},"modified":"2018-10-09T14:34:39","modified_gmt":"2018-10-09T14:34:39","slug":"politica-de-privacitat","status":"publish","type":"page","link":"https:\/\/grupmach.es\/ca\/politica-de-privacitat\/","title":{"rendered":"Pol\u00edtica de Privacitat"},"content":{"rendered":"<div class=\"fusion-fullwidth fullwidth-box fusion-builder-row-1 nonhundred-percent-fullwidth non-hundred-percent-height-scrolling\" style=\"--awb-border-radius-top-left:0px;--awb-border-radius-top-right:0px;--awb-border-radius-bottom-right:0px;--awb-border-radius-bottom-left:0px;\" ><div class=\"fusion-builder-row fusion-row\"><div class=\"fusion-layout-column fusion_builder_column fusion-builder-column-0 fusion_builder_column_1_1 1_1 fusion-one-full fusion-column-first fusion-column-last\" style=\"--awb-bg-size:cover;\"><div class=\"fusion-column-wrapper fusion-flex-column-wrapper-legacy\"><div class=\"fusion-content-boxes content-boxes columns row fusion-columns-1 fusion-columns-total-1 fusion-content-boxes-1 content-boxes-icon-with-title content-left\" style=\"--awb-hover-accent-color:#6180c0;--awb-circle-hover-accent-color:transparent;--awb-item-margin-bottom:40px;\" data-animationOffset=\"top-into-view\"><div style=\"--awb-backgroundcolor:rgba(255,255,255,0);\" class=\"fusion-column content-box-column content-box-column content-box-column-1 col-lg-12 col-md-12 col-sm-12 fusion-content-box-hover content-box-column-last content-box-column-last-in-row\"><div class=\"col content-box-wrapper content-wrapper link-area-box icon-hover-animation-slide\" data-animationOffset=\"top-into-view\"><div class=\"fusion-clearfix\"><\/div><div class=\"content-container\">\n<p><span style=\"color: #6180c0;\">INFORMACI\u00d3N SOBRE PROTECCI\u00d3N DE DATOS<\/span><\/p>\n<p><span style=\"color: #6180c0;\">Responsable de los datos<\/span><\/p>\n<p>Nombre : Grupmach s.l.<br \/>\nCIF: B59061903<br \/>\nDirecci\u00f3n: C\/ Muntaner 479 5\u00ba3\u00aa 08021 Barcelona<br \/>\nTel\u00e9fono: 93 3019708<br \/>\nMail:\u00a0<span style=\"color: #6180c0;\">grupmach@grupmach.es<\/span><\/p>\n<p><span style=\"color: #6180c0;\">Finalidad<\/span><br \/>\nLos datos por Ud proporcionados ser\u00e1n utilizados a fin de<\/p>\n<p><span style=\"color: #6180c0;\">Gestionar sus seguros<\/span><br \/>\nRealizarle ofertas de seguros personalizadas y ajustadas a sus necesidades<br \/>\nGestionar los contratos de seguros contratados, incluyendo si as\u00ed se acuerda la gesti\u00f3n del cobro de las primas de seguro<br \/>\nProporcionarle el servicio de gesti\u00f3n de siniestros<br \/>\nProponerle modificaciones en sus contratos que pudieran ser de su inter\u00e9s.<\/p>\n<p><span style=\"color: #6180c0;\">Promocionar nuestros servicios<\/span><br \/>\nProporcionarle informaci\u00f3n de nuevos productos y servicios<br \/>\nElaboraremos perfiles comerciales en base a la informaci\u00f3n facilitada a fin de ajustar los servicios y ofertas, no adopt\u00e1ndose nunca decisiones automatizadas en base a los perfiles.<br \/>\nLos datos se conservar\u00e1n mientras se mantenga la relaci\u00f3n comercial y tras la finalizaci\u00f3n de la misma, hasta que solicite la cancelaci\u00f3n de sus datos, con el objeto de remitirle ofertas que pudieran ser de su inter\u00e9s y reanudar la relaci\u00f3n profesional.<\/p>\n<p><span style=\"color: #6180c0;\">Legitimaci\u00f3n<\/span><br \/>\nLos datos de que disponemos son los necesarios para llevar la efectiva intermediaci\u00f3n de los contratos de seguros que ha contratado con una o m\u00e1s aseguradoras a trav\u00e9s de nuestra corredur\u00eda, teniendo por nuestra parte la consideraci\u00f3n de responsables de los datos de conformidad con lo previsto en la Ley 26\/2006 de 27 de Julio de Mediaci\u00f3n en seguros.<\/p>\n<p><span style=\"color: #6180c0;\">Destinatarios<\/span><br \/>\nSus datos ser\u00e1n comunicados a las entidades aseguradoras destinatarias de los contratos, as\u00ed como en caso de siniestro y siempre que Ud .lo autorice y con el l\u00edmite de los datos afectados por el siniestro a otras aseguradoras y peritos.<\/p>\n<p><span style=\"color: #6180c0;\">Derechos<\/span><br \/>\nCualquier persona tiene derecho a obtener confirmaci\u00f3n sobre si en la corredur\u00eda estamos tratando datos personales que les conciernan, o no. Las personas interesadas tienen derecho a si acceder a sus datos personales, as\u00ed como a solicitar la rectificaci\u00f3n de los datos inexactos o, en su caso, solicitar su supresi\u00f3n cuando, entre otros motivos, los datos ya no sean necesarios para los fines que fueron recogidos.<br \/>\nEn determinadas circunstancias, los interesados podr\u00e1n solicitar la limitaci\u00f3n del tratamiento de sus datos, en cuyo caso \u00fanicamente los conservaremos para la defensa de sus intereses en la gesti\u00f3n de los contratos de seguros intermediados por el responsable del fichero<br \/>\nEn determinadas circunstancias y por motivos relacionados con su situaci\u00f3n particular, los interesados podr\u00e1n oponerse al tratamiento de sus datos. Nuestra corredur\u00eda dejar\u00e1 de tratar los datos, salvo por motivos leg\u00edtimos imperiosos, o el ejercicio o la defensa de posibles reclamaciones. Usted puede ejercer sus derechos de acceso, rectificaci\u00f3n o cancelaci\u00f3n.<br \/>\nSi no desea recibir comunicaciones promocionales de nuestra empresa por alguno o todos los medios de comunicaci\u00f3n, puede comunicar su deseo de oponerse a la finalidad de promoci\u00f3n de nuestros productos y servicios, lo que no ir\u00e1 en detrimento de mantener el fin de gestionar los contratos de seguros intermediados por el responsable del fichero.<\/p>\n<p>Usted podr\u00e1 solicitar la portabilidad de sus datos, si as\u00ed lo estima conveniente a otro corredor o entidad aseguradora<br \/>\nEn el ejercicio de los derechos precedentes puede dirigirse por mail a grupmach@grupmach.es \u00a0o a nuestras oficinas C\/ Muntaner 479 5\u00ba3\u00aa 08021 Barcelona, aportando siempre una copia de su DNI. La respuesta al ejercicio de derechos se realizar\u00e1 al domicilio que figure en los contratos suscritos con nuestra corredur\u00eda.<br \/>\nEn caso de que no atendamos al ejercicio de derechos expresados en este apartado, Ud est\u00e1 facultado para acudir a nuestro delegado de protecci\u00f3n de datos, quien velar\u00e1 por sus intereses o presentar una reclamaci\u00f3n ante la agencia de protecci\u00f3n de datos, Ud. Dispone de toda la informaci\u00f3n a efectos de esta reclamaci\u00f3n en la p\u00e1gina\u00a0www.agpd.es<\/p>\n<p><span style=\"color: #6180c0;\">Procedencia de los datos<\/span><\/p>\n<p>Los datos de que disponemos son los que nos fueron proporcionados en el momento de la contrataci\u00f3n de las p\u00f3lizas o petici\u00f3n de las tarificaciones, as\u00ed como los datos derivados de las gestiones del contrato como las renovaciones de p\u00f3lizas o siniestros acontecidos en la vigencia del contrato.<\/p>\n<p>En algunos casos los datos b\u00e1sicos para la tarificaci\u00f3n de un riesgo han podido ser proporcionados por un colectivo, previa autorizaci\u00f3n de sus miembros, en estos casos los datos solo se utilizar\u00e1n conforme a las indicaciones de los representantes del colectivo y dichos datos ser\u00e1n eliminados si as\u00ed lo requieren los acuerdos con el colectivo, salvo para aquellos titulares de datos, para los que se intermedien contratos de seguros, en cuyo caso los derechos se regir\u00e1n por el apartado anterior.<\/p>\n<\/div><\/div><\/div><div class=\"fusion-clearfix\"><\/div><\/div><div class=\"fusion-clearfix\"><\/div><\/div><\/div><\/div><\/div>\n","protected":false},"excerpt":{"rendered":"","protected":false},"author":4,"featured_media":0,"parent":0,"menu_order":0,"comment_status":"closed","ping_status":"closed","template":"","meta":[],"yoast_head":"<!-- This site is optimized with the Yoast SEO plugin v20.3 - https:\/\/yoast.com\/wordpress\/plugins\/seo\/ -->\n<title>Pol\u00edtica de Privacitat | GRUPMACH | Corredoria d&#039;Assegurances<\/title>\n<meta name=\"description\" content=\"Informaci\u00f3 sobre la pol\u00edtica de privacitat de GRUPMACH. Corredoria d&#039;Assegurances a Barcelona amb m\u00e9s de 20 anys d&#039;experi\u00e8ncia.\" \/>\n<meta name=\"robots\" content=\"index, follow, max-snippet:-1, max-image-preview:large, max-video-preview:-1\" \/>\n<link rel=\"canonical\" href=\"https:\/\/grupmach.es\/ca\/politica-de-privacitat\/\" \/>\n<meta property=\"og:locale\" content=\"ca_ES\" \/>\n<meta property=\"og:type\" content=\"article\" \/>\n<meta property=\"og:title\" content=\"Pol\u00edtica de Privacitat | GRUPMACH | Corredoria d&#039;Assegurances\" \/>\n<meta property=\"og:description\" content=\"Informaci\u00f3 sobre la pol\u00edtica de privacitat de GRUPMACH. Corredoria d&#039;Assegurances a Barcelona amb m\u00e9s de 20 anys d&#039;experi\u00e8ncia.\" \/>\n<meta property=\"og:url\" content=\"https:\/\/grupmach.es\/ca\/politica-de-privacitat\/\" \/>\n<meta property=\"og:site_name\" content=\"GRUPMACH\" \/>\n<meta property=\"article:modified_time\" content=\"2018-10-09T14:34:39+00:00\" \/>\n<meta name=\"twitter:card\" content=\"summary_large_image\" \/>\n<meta name=\"twitter:label1\" content=\"Temps estimat de lectura\" \/>\n\t<meta name=\"twitter:data1\" content=\"5 minuts\" \/>\n<script type=\"application\/ld+json\" class=\"yoast-schema-graph\">{\"@context\":\"https:\/\/schema.org\",\"@graph\":[{\"@type\":\"WebPage\",\"@id\":\"https:\/\/grupmach.es\/ca\/politica-de-privacitat\/\",\"url\":\"https:\/\/grupmach.es\/ca\/politica-de-privacitat\/\",\"name\":\"Pol\u00edtica de Privacitat | GRUPMACH | Corredoria d'Assegurances\",\"isPartOf\":{\"@id\":\"https:\/\/grupmach.es\/#website\"},\"datePublished\":\"2018-01-11T15:04:59+00:00\",\"dateModified\":\"2018-10-09T14:34:39+00:00\",\"description\":\"Informaci\u00f3 sobre la pol\u00edtica de privacitat de GRUPMACH. Corredoria d'Assegurances a Barcelona amb m\u00e9s de 20 anys d'experi\u00e8ncia.\",\"breadcrumb\":{\"@id\":\"https:\/\/grupmach.es\/ca\/politica-de-privacitat\/#breadcrumb\"},\"inLanguage\":\"ca\",\"potentialAction\":[{\"@type\":\"ReadAction\",\"target\":[\"https:\/\/grupmach.es\/ca\/politica-de-privacitat\/\"]}]},{\"@type\":\"BreadcrumbList\",\"@id\":\"https:\/\/grupmach.es\/ca\/politica-de-privacitat\/#breadcrumb\",\"itemListElement\":[{\"@type\":\"ListItem\",\"position\":1,\"name\":\"Portada\",\"item\":\"https:\/\/grupmach.es\/ca\/\"},{\"@type\":\"ListItem\",\"position\":2,\"name\":\"Pol\u00edtica de Privacitat\"}]},{\"@type\":\"WebSite\",\"@id\":\"https:\/\/grupmach.es\/#website\",\"url\":\"https:\/\/grupmach.es\/\",\"name\":\"GRUPMACH\",\"description\":\"Corredur\u00eda de Seguros\",\"publisher\":{\"@id\":\"https:\/\/grupmach.es\/#organization\"},\"potentialAction\":[{\"@type\":\"SearchAction\",\"target\":{\"@type\":\"EntryPoint\",\"urlTemplate\":\"https:\/\/grupmach.es\/?s={search_term_string}\"},\"query-input\":\"required name=search_term_string\"}],\"inLanguage\":\"ca\"},{\"@type\":\"Organization\",\"@id\":\"https:\/\/grupmach.es\/#organization\",\"name\":\"Grup Mach | Corredur\u00eda de Seguros\",\"url\":\"https:\/\/grupmach.es\/\",\"logo\":{\"@type\":\"ImageObject\",\"inLanguage\":\"ca\",\"@id\":\"https:\/\/grupmach.es\/#\/schema\/logo\/image\/\",\"url\":\"https:\/\/grupmach.es\/wp-content\/uploads\/2018\/01\/LOGO-GRUPMACH.jpg\",\"contentUrl\":\"https:\/\/grupmach.es\/wp-content\/uploads\/2018\/01\/LOGO-GRUPMACH.jpg\",\"width\":1349,\"height\":408,\"caption\":\"Grup Mach | Corredur\u00eda de Seguros\"},\"image\":{\"@id\":\"https:\/\/grupmach.es\/#\/schema\/logo\/image\/\"}}]}<\/script>\n<!-- \/ Yoast SEO plugin. -->","yoast_head_json":{"title":"Pol\u00edtica de Privacitat | GRUPMACH | Corredoria d'Assegurances","description":"Informaci\u00f3 sobre la pol\u00edtica de privacitat de GRUPMACH. Corredoria d'Assegurances a Barcelona amb m\u00e9s de 20 anys d'experi\u00e8ncia.","robots":{"index":"index","follow":"follow","max-snippet":"max-snippet:-1","max-image-preview":"max-image-preview:large","max-video-preview":"max-video-preview:-1"},"canonical":"https:\/\/grupmach.es\/ca\/politica-de-privacitat\/","og_locale":"ca_ES","og_type":"article","og_title":"Pol\u00edtica de Privacitat | GRUPMACH | Corredoria d'Assegurances","og_description":"Informaci\u00f3 sobre la pol\u00edtica de privacitat de GRUPMACH. Corredoria d'Assegurances a Barcelona amb m\u00e9s de 20 anys d'experi\u00e8ncia.","og_url":"https:\/\/grupmach.es\/ca\/politica-de-privacitat\/","og_site_name":"GRUPMACH","article_modified_time":"2018-10-09T14:34:39+00:00","twitter_card":"summary_large_image","twitter_misc":{"Temps estimat de lectura":"5 minuts"},"schema":{"@context":"https:\/\/schema.org","@graph":[{"@type":"WebPage","@id":"https:\/\/grupmach.es\/ca\/politica-de-privacitat\/","url":"https:\/\/grupmach.es\/ca\/politica-de-privacitat\/","name":"Pol\u00edtica de Privacitat | GRUPMACH | Corredoria d'Assegurances","isPartOf":{"@id":"https:\/\/grupmach.es\/#website"},"datePublished":"2018-01-11T15:04:59+00:00","dateModified":"2018-10-09T14:34:39+00:00","description":"Informaci\u00f3 sobre la pol\u00edtica de privacitat de GRUPMACH. Corredoria d'Assegurances a Barcelona amb m\u00e9s de 20 anys d'experi\u00e8ncia.","breadcrumb":{"@id":"https:\/\/grupmach.es\/ca\/politica-de-privacitat\/#breadcrumb"},"inLanguage":"ca","potentialAction":[{"@type":"ReadAction","target":["https:\/\/grupmach.es\/ca\/politica-de-privacitat\/"]}]},{"@type":"BreadcrumbList","@id":"https:\/\/grupmach.es\/ca\/politica-de-privacitat\/#breadcrumb","itemListElement":[{"@type":"ListItem","position":1,"name":"Portada","item":"https:\/\/grupmach.es\/ca\/"},{"@type":"ListItem","position":2,"name":"Pol\u00edtica de Privacitat"}]},{"@type":"WebSite","@id":"https:\/\/grupmach.es\/#website","url":"https:\/\/grupmach.es\/","name":"GRUPMACH","description":"Corredur\u00eda de Seguros","publisher":{"@id":"https:\/\/grupmach.es\/#organization"},"potentialAction":[{"@type":"SearchAction","target":{"@type":"EntryPoint","urlTemplate":"https:\/\/grupmach.es\/?s={search_term_string}"},"query-input":"required name=search_term_string"}],"inLanguage":"ca"},{"@type":"Organization","@id":"https:\/\/grupmach.es\/#organization","name":"Grup Mach | Corredur\u00eda de Seguros","url":"https:\/\/grupmach.es\/","logo":{"@type":"ImageObject","inLanguage":"ca","@id":"https:\/\/grupmach.es\/#\/schema\/logo\/image\/","url":"https:\/\/grupmach.es\/wp-content\/uploads\/2018\/01\/LOGO-GRUPMACH.jpg","contentUrl":"https:\/\/grupmach.es\/wp-content\/uploads\/2018\/01\/LOGO-GRUPMACH.jpg","width":1349,"height":408,"caption":"Grup Mach | Corredur\u00eda de Seguros"},"image":{"@id":"https:\/\/grupmach.es\/#\/schema\/logo\/image\/"}}]}},"_links":{"self":[{"href":"https:\/\/grupmach.es\/ca\/wp-json\/wp\/v2\/pages\/1513"}],"collection":[{"href":"https:\/\/grupmach.es\/ca\/wp-json\/wp\/v2\/pages"}],"about":[{"href":"https:\/\/grupmach.es\/ca\/wp-json\/wp\/v2\/types\/page"}],"author":[{"embeddable":true,"href":"https:\/\/grupmach.es\/ca\/wp-json\/wp\/v2\/users\/4"}],"replies":[{"embeddable":true,"href":"https:\/\/grupmach.es\/ca\/wp-json\/wp\/v2\/comments?post=1513"}],"version-history":[{"count":2,"href":"https:\/\/grupmach.es\/ca\/wp-json\/wp\/v2\/pages\/1513\/revisions"}],"predecessor-version":[{"id":2628,"href":"https:\/\/grupmach.es\/ca\/wp-json\/wp\/v2\/pages\/1513\/revisions\/2628"}],"wp:attachment":[{"href":"https:\/\/grupmach.es\/ca\/wp-json\/wp\/v2\/media?parent=1513"}],"curies":[{"name":"wp","href":"https:\/\/api.w.org\/{rel}","templated":true}]}}