{"id":1504,"date":"2018-01-16T11:19:21","date_gmt":"2018-01-16T11:19:21","guid":{"rendered":"https:\/\/grupmach.es\/blog\/"},"modified":"2018-10-09T14:25:29","modified_gmt":"2018-10-09T14:25:29","slug":"blog","status":"publish","type":"page","link":"https:\/\/grupmach.es\/ca\/blog\/","title":{"rendered":"Blog"},"content":{"rendered":"<div class=\"fusion-fullwidth fullwidth-box fusion-builder-row-1 hundred-percent-fullwidth non-hundred-percent-height-scrolling\" style=\"--awb-border-radius-top-left:0px;--awb-border-radius-top-right:0px;--awb-border-radius-bottom-right:0px;--awb-border-radius-bottom-left:0px;--awb-padding-right:40px;--awb-padding-left:40px;\" ><div class=\"fusion-builder-row fusion-row\"><div class=\"fusion-layout-column fusion_builder_column fusion-builder-column-0 fusion_builder_column_1_1 1_1 fusion-one-full fusion-column-first fusion-column-last fusion-column-no-min-height\" style=\"--awb-bg-size:cover;--awb-margin-bottom:0px;\"><div class=\"fusion-column-wrapper fusion-flex-column-wrapper-legacy\"><div class=\"fusion-blog-shortcode fusion-blog-shortcode-1 fusion-blog-archive fusion-blog-layout-grid-wrapper fusion-blog-infinite\"><style type=\"text\/css\">.fusion-blog-shortcode-1 .fusion-blog-layout-grid .fusion-post-grid{padding:20px;}.fusion-blog-shortcode-1 .fusion-posts-container{margin-left: -20px !important; margin-right:-20px !important;}<\/style><div class=\"fusion-posts-container fusion-posts-container-infinite fusion-blog-rollover fusion-blog-layout-grid fusion-blog-layout-grid-4 isotope\" data-pages=\"1\" data-grid-col-space=\"40\" style=\"margin: -20px -20px 0;min-height:500px;\"><article id=\"blog-1-post-2701\" class=\"fusion-post-grid post-2701 post type-post status-publish format-standard has-post-thumbnail hentry category-sin-categorizar\">\n<div class=\"fusion-post-wrapper\" style=\"background-color:rgba(255,255,255,0);border:1px solid #ebeaea;border-bottom-width:3px;\">\n\n\t\t\t<div class=\"fusion-flexslider flexslider fusion-flexslider-loading fusion-post-slideshow\" style=\"border-color:#ebeaea;\">\n\t\t<ul class=\"slides\">\n\t\t\t\n\t\t\t\t\t\t\t\t\t\t\t\t\t\t<li><div  class=\"fusion-image-wrapper\" aria-haspopup=\"true\">\n\t\t\t\t<img width=\"1343\" height=\"507\" src=\"https:\/\/grupmach.es\/wp-content\/uploads\/2018\/11\/Captura-1.jpg\" class=\"attachment-full size-full wp-post-image\" alt=\"\" decoding=\"async\" srcset=\"https:\/\/grupmach.es\/wp-content\/uploads\/2018\/11\/Captura-1-200x76.jpg 200w, https:\/\/grupmach.es\/wp-content\/uploads\/2018\/11\/Captura-1-400x151.jpg 400w, https:\/\/grupmach.es\/wp-content\/uploads\/2018\/11\/Captura-1-600x227.jpg 600w, https:\/\/grupmach.es\/wp-content\/uploads\/2018\/11\/Captura-1-800x302.jpg 800w, https:\/\/grupmach.es\/wp-content\/uploads\/2018\/11\/Captura-1-1200x453.jpg 1200w, https:\/\/grupmach.es\/wp-content\/uploads\/2018\/11\/Captura-1.jpg 1343w\" sizes=\"(min-width: 2200px) 100vw, (min-width: 915px) 263px, (min-width: 824px) 350px, (min-width: 732px) 525px, (min-width: 640px) 732px, \" \/><div class=\"fusion-rollover\">\n\t<div class=\"fusion-rollover-content\">\n\n\t\t\t\t\t\t\t\t\t\t\t\t\t\t<a class=\"fusion-rollover-link\" href=\"https:\/\/grupmach.es\/ca\/haig-de-pagar-lasseguranca-de-la-llar-si-estic-de-lloguer\/\">\u00bf Haig de pagar l\u00b4asseguran\u00e7a de la llar si estic de lloguer?<\/a>\n\t\t\t\n\t\t\t\t\t\t\t\t\t\t\t\t\t\t\n\t\t\t\t\t\t\t\t\n\t\t\t\t\t\t\t\t\t\t\t\t\t<div class=\"fusion-rollover-sep\"><\/div>\n\t\t\t\t\n\t\t\t\t\t\t\t\t\t\t\t\t\t\t\t\t\t\t<a class=\"fusion-rollover-gallery\" href=\"https:\/\/grupmach.es\/wp-content\/uploads\/2018\/11\/Captura-1.jpg\" data-id=\"2701\" data-rel=\"iLightbox[gallery]\" data-title=\"Captura 1\" data-caption=\"\">\n\t\t\t\t\t\tGallery\t\t\t\t\t<\/a>\n\t\t\t\t\t\t\t\t\t\t\t\t\t\t\n\t\t\n\t\t\t\t\t\t\t\t\t\t\t\t<h4 class=\"fusion-rollover-title\">\n\t\t\t\t\t<a class=\"fusion-rollover-title-link\" href=\"https:\/\/grupmach.es\/ca\/haig-de-pagar-lasseguranca-de-la-llar-si-estic-de-lloguer\/\">\n\t\t\t\t\t\t\u00bf Haig de pagar l\u00b4asseguran\u00e7a de la llar si estic de lloguer?\t\t\t\t\t<\/a>\n\t\t\t\t<\/h4>\n\t\t\t\n\t\t\t\t\t\t\t\t\t\t<div class=\"fusion-rollover-categories\"><a href=\"https:\/\/grupmach.es\/ca\/category\/sin-categorizar\/\" rel=\"tag\">Sin categorizar<\/a><\/div>\t\t\t\t\t\n\t\t\n\t\t\t\t\t\t<a class=\"fusion-link-wrapper\" href=\"https:\/\/grupmach.es\/ca\/haig-de-pagar-lasseguranca-de-la-llar-si-estic-de-lloguer\/\" aria-label=\"\u00bf Haig de pagar l\u00b4asseguran\u00e7a de la llar si estic de lloguer?\"><\/a>\n\t<\/div>\n<\/div>\n<\/div>\n<\/li>\n\t\t\t\n\t\t\t\n\t\t\t\t\t\t\t\t\t\t\t\t\t\t\t\t\t\t\t\t\t\t\t\t\t\t\t\t\t\t\t\t\t\t\t\t\t\t\t\t\t\t\t\t\t\t\t\t\t\t\t\t\t\t\t\t\t\t\t\t\t\t\t\t\t\t\t\t<\/ul>\n\t<\/div>\n\t<div class=\"fusion-post-content-wrapper\" style=\"padding:30px 25px 20px 25px;\"><div class=\"fusion-post-content post-content\"><h2 class=\"blog-shortcode-post-title entry-title\"><a href=\"https:\/\/grupmach.es\/ca\/haig-de-pagar-lasseguranca-de-la-llar-si-estic-de-lloguer\/\">\u00bf Haig de pagar l\u00b4asseguran\u00e7a de la llar si estic de lloguer?<\/a><\/h2><p class=\"fusion-single-line-meta\">By <span class=\"vcard\"><span class=\"fn\"><a href=\"https:\/\/grupmach.es\/ca\/author\/grupmach\/\" title=\"Entrades de Grup Mach\" rel=\"author\">Grup Mach<\/a><\/span><\/span><span class=\"fusion-inline-sep\">|<\/span><span class=\"updated\" style=\"display:none;\">2018-11-22T12:14:18+00:00<\/span><span>novembre 22nd, 2018<\/span><span class=\"fusion-inline-sep\">|<\/span>Categories: <a href=\"https:\/\/grupmach.es\/ca\/category\/sin-categorizar\/\" rel=\"category tag\">Sin categorizar<\/a><span class=\"fusion-inline-sep\">|<\/span><\/p><div class=\"fusion-content-sep sep-double sep-solid\"><\/div><div class=\"fusion-post-content-container\"><p>\u00bf Em poden reclamar que pagui l\u00b4asseguran\u00e7a, si la casa on estic \u00e9s de lloguer ? Llegir m\u00e9s<\/p><\/div><\/div><div class=\"fusion-meta-info\"><div class=\"fusion-alignleft\"><a class=\"fusion-read-more\" href=\"https:\/\/grupmach.es\/ca\/haig-de-pagar-lasseguranca-de-la-llar-si-estic-de-lloguer\/\" aria-label=\"More on \u00bf Haig de pagar l\u00b4asseguran\u00e7a de la llar si estic de lloguer?\">Read More<\/a><\/div><div class=\"fusion-alignright\"><a href=\"https:\/\/grupmach.es\/ca\/haig-de-pagar-lasseguranca-de-la-llar-si-estic-de-lloguer\/#respond\"><i class=\"awb-icon-bubbles\" aria-hidden=\"true\"><\/i>&nbsp;0<\/a><\/div><\/div><\/div><div class=\"fusion-clearfix\"><\/div><\/div>\n<\/article>\n<article id=\"blog-1-post-2014\" class=\"fusion-post-grid post-2014 post type-post status-publish format-standard hentry category-sin-categorizar\">\n<div class=\"fusion-post-wrapper\" style=\"background-color:rgba(255,255,255,0);border:1px solid #ebeaea;border-bottom-width:3px;\">\n\n<div class=\"fusion-post-content-wrapper\" style=\"padding:30px 25px 20px 25px;\"><div class=\"fusion-post-content post-content\"><h2 class=\"blog-shortcode-post-title entry-title\"><a href=\"https:\/\/grupmach.es\/ca\/els-10-riscos-corporatius-despanya\/\">Els 10 riscos corporatius d&#8217;Espanya.<\/a><\/h2><p class=\"fusion-single-line-meta\">By <span class=\"vcard\"><span class=\"fn\"><a href=\"https:\/\/grupmach.es\/ca\/author\/grupmach\/\" title=\"Entrades de Grup Mach\" rel=\"author\">Grup Mach<\/a><\/span><\/span><span class=\"fusion-inline-sep\">|<\/span><span class=\"updated\" style=\"display:none;\">2018-10-09T14:28:58+00:00<\/span><span>febrer 14th, 2018<\/span><span class=\"fusion-inline-sep\">|<\/span>Categories: <a href=\"https:\/\/grupmach.es\/ca\/category\/sin-categorizar\/\" rel=\"category tag\">Sin categorizar<\/a><span class=\"fusion-inline-sep\">|<\/span><\/p><div class=\"fusion-content-sep sep-double sep-solid\"><\/div><div class=\"fusion-post-content-container\"><p>\u00a0 P\u00e8rdua de beneficis, principal risc per a les empreses espanyoles a 2018 La p\u00e8rdua de beneficis continuar\u00e0 sent el principal risc per a les empreses espanyoles [...]<\/p><\/div><\/div><div class=\"fusion-meta-info\"><div class=\"fusion-alignleft\"><a class=\"fusion-read-more\" href=\"https:\/\/grupmach.es\/ca\/els-10-riscos-corporatius-despanya\/\" aria-label=\"More on Els 10 riscos corporatius d&#8217;Espanya.\">Read More<\/a><\/div><div class=\"fusion-alignright\"><a href=\"https:\/\/grupmach.es\/ca\/els-10-riscos-corporatius-despanya\/#respond\"><i class=\"awb-icon-bubbles\" aria-hidden=\"true\"><\/i>&nbsp;0<\/a><\/div><\/div><\/div><div class=\"fusion-clearfix\"><\/div><\/div>\n<\/article>\n<div class=\"fusion-clearfix\"><\/div><\/div><\/div><div class=\"fusion-clearfix\"><\/div><\/div><\/div><\/div><\/div>\n","protected":false},"excerpt":{"rendered":"","protected":false},"author":4,"featured_media":0,"parent":0,"menu_order":0,"comment_status":"closed","ping_status":"closed","template":"100-width.php","meta":[],"yoast_head":"<!-- This site is optimized with the Yoast SEO plugin v20.3 - https:\/\/yoast.com\/wordpress\/plugins\/seo\/ -->\n<title>Blog | GRUPMACH<\/title>\n<meta name=\"description\" content=\"Blog de GRUPMACH. Corredoria d&#039;Assegurances a Barcelona amb m\u00e9s de 20 anys d&#039;experi\u00e8ncia.\" \/>\n<meta name=\"robots\" content=\"index, follow, max-snippet:-1, max-image-preview:large, max-video-preview:-1\" \/>\n<link rel=\"canonical\" href=\"https:\/\/grupmach.es\/ca\/blog\/\" \/>\n<meta property=\"og:locale\" content=\"ca_ES\" \/>\n<meta property=\"og:type\" content=\"article\" \/>\n<meta property=\"og:title\" content=\"Blog | GRUPMACH\" \/>\n<meta property=\"og:description\" content=\"Blog de GRUPMACH. Corredoria d&#039;Assegurances a Barcelona amb m\u00e9s de 20 anys d&#039;experi\u00e8ncia.\" \/>\n<meta property=\"og:url\" content=\"https:\/\/grupmach.es\/ca\/blog\/\" \/>\n<meta property=\"og:site_name\" content=\"GRUPMACH\" \/>\n<meta property=\"article:modified_time\" content=\"2018-10-09T14:25:29+00:00\" \/>\n<meta name=\"twitter:card\" content=\"summary_large_image\" \/>\n<meta name=\"twitter:label1\" content=\"Temps estimat de lectura\" \/>\n\t<meta name=\"twitter:data1\" content=\"1 minut\" \/>\n<script type=\"application\/ld+json\" class=\"yoast-schema-graph\">{\"@context\":\"https:\/\/schema.org\",\"@graph\":[{\"@type\":\"WebPage\",\"@id\":\"https:\/\/grupmach.es\/ca\/blog\/\",\"url\":\"https:\/\/grupmach.es\/ca\/blog\/\",\"name\":\"Blog | GRUPMACH\",\"isPartOf\":{\"@id\":\"https:\/\/grupmach.es\/#website\"},\"datePublished\":\"2018-01-16T11:19:21+00:00\",\"dateModified\":\"2018-10-09T14:25:29+00:00\",\"description\":\"Blog de GRUPMACH. Corredoria d'Assegurances a Barcelona amb m\u00e9s de 20 anys d'experi\u00e8ncia.\",\"breadcrumb\":{\"@id\":\"https:\/\/grupmach.es\/ca\/blog\/#breadcrumb\"},\"inLanguage\":\"ca\",\"potentialAction\":[{\"@type\":\"ReadAction\",\"target\":[\"https:\/\/grupmach.es\/ca\/blog\/\"]}]},{\"@type\":\"BreadcrumbList\",\"@id\":\"https:\/\/grupmach.es\/ca\/blog\/#breadcrumb\",\"itemListElement\":[{\"@type\":\"ListItem\",\"position\":1,\"name\":\"Portada\",\"item\":\"https:\/\/grupmach.es\/ca\/\"},{\"@type\":\"ListItem\",\"position\":2,\"name\":\"Blog\"}]},{\"@type\":\"WebSite\",\"@id\":\"https:\/\/grupmach.es\/#website\",\"url\":\"https:\/\/grupmach.es\/\",\"name\":\"GRUPMACH\",\"description\":\"Corredur\u00eda de Seguros\",\"publisher\":{\"@id\":\"https:\/\/grupmach.es\/#organization\"},\"potentialAction\":[{\"@type\":\"SearchAction\",\"target\":{\"@type\":\"EntryPoint\",\"urlTemplate\":\"https:\/\/grupmach.es\/?s={search_term_string}\"},\"query-input\":\"required name=search_term_string\"}],\"inLanguage\":\"ca\"},{\"@type\":\"Organization\",\"@id\":\"https:\/\/grupmach.es\/#organization\",\"name\":\"Grup Mach | Corredur\u00eda de Seguros\",\"url\":\"https:\/\/grupmach.es\/\",\"logo\":{\"@type\":\"ImageObject\",\"inLanguage\":\"ca\",\"@id\":\"https:\/\/grupmach.es\/#\/schema\/logo\/image\/\",\"url\":\"https:\/\/grupmach.es\/wp-content\/uploads\/2018\/01\/LOGO-GRUPMACH.jpg\",\"contentUrl\":\"https:\/\/grupmach.es\/wp-content\/uploads\/2018\/01\/LOGO-GRUPMACH.jpg\",\"width\":1349,\"height\":408,\"caption\":\"Grup Mach | Corredur\u00eda de Seguros\"},\"image\":{\"@id\":\"https:\/\/grupmach.es\/#\/schema\/logo\/image\/\"}}]}<\/script>\n<!-- \/ Yoast SEO plugin. -->","yoast_head_json":{"title":"Blog | GRUPMACH","description":"Blog de GRUPMACH. Corredoria d'Assegurances a Barcelona amb m\u00e9s de 20 anys d'experi\u00e8ncia.","robots":{"index":"index","follow":"follow","max-snippet":"max-snippet:-1","max-image-preview":"max-image-preview:large","max-video-preview":"max-video-preview:-1"},"canonical":"https:\/\/grupmach.es\/ca\/blog\/","og_locale":"ca_ES","og_type":"article","og_title":"Blog | GRUPMACH","og_description":"Blog de GRUPMACH. Corredoria d'Assegurances a Barcelona amb m\u00e9s de 20 anys d'experi\u00e8ncia.","og_url":"https:\/\/grupmach.es\/ca\/blog\/","og_site_name":"GRUPMACH","article_modified_time":"2018-10-09T14:25:29+00:00","twitter_card":"summary_large_image","twitter_misc":{"Temps estimat de lectura":"1 minut"},"schema":{"@context":"https:\/\/schema.org","@graph":[{"@type":"WebPage","@id":"https:\/\/grupmach.es\/ca\/blog\/","url":"https:\/\/grupmach.es\/ca\/blog\/","name":"Blog | GRUPMACH","isPartOf":{"@id":"https:\/\/grupmach.es\/#website"},"datePublished":"2018-01-16T11:19:21+00:00","dateModified":"2018-10-09T14:25:29+00:00","description":"Blog de GRUPMACH. Corredoria d'Assegurances a Barcelona amb m\u00e9s de 20 anys d'experi\u00e8ncia.","breadcrumb":{"@id":"https:\/\/grupmach.es\/ca\/blog\/#breadcrumb"},"inLanguage":"ca","potentialAction":[{"@type":"ReadAction","target":["https:\/\/grupmach.es\/ca\/blog\/"]}]},{"@type":"BreadcrumbList","@id":"https:\/\/grupmach.es\/ca\/blog\/#breadcrumb","itemListElement":[{"@type":"ListItem","position":1,"name":"Portada","item":"https:\/\/grupmach.es\/ca\/"},{"@type":"ListItem","position":2,"name":"Blog"}]},{"@type":"WebSite","@id":"https:\/\/grupmach.es\/#website","url":"https:\/\/grupmach.es\/","name":"GRUPMACH","description":"Corredur\u00eda de Seguros","publisher":{"@id":"https:\/\/grupmach.es\/#organization"},"potentialAction":[{"@type":"SearchAction","target":{"@type":"EntryPoint","urlTemplate":"https:\/\/grupmach.es\/?s={search_term_string}"},"query-input":"required name=search_term_string"}],"inLanguage":"ca"},{"@type":"Organization","@id":"https:\/\/grupmach.es\/#organization","name":"Grup Mach | Corredur\u00eda de Seguros","url":"https:\/\/grupmach.es\/","logo":{"@type":"ImageObject","inLanguage":"ca","@id":"https:\/\/grupmach.es\/#\/schema\/logo\/image\/","url":"https:\/\/grupmach.es\/wp-content\/uploads\/2018\/01\/LOGO-GRUPMACH.jpg","contentUrl":"https:\/\/grupmach.es\/wp-content\/uploads\/2018\/01\/LOGO-GRUPMACH.jpg","width":1349,"height":408,"caption":"Grup Mach | Corredur\u00eda de Seguros"},"image":{"@id":"https:\/\/grupmach.es\/#\/schema\/logo\/image\/"}}]}},"_links":{"self":[{"href":"https:\/\/grupmach.es\/ca\/wp-json\/wp\/v2\/pages\/1504"}],"collection":[{"href":"https:\/\/grupmach.es\/ca\/wp-json\/wp\/v2\/pages"}],"about":[{"href":"https:\/\/grupmach.es\/ca\/wp-json\/wp\/v2\/types\/page"}],"author":[{"embeddable":true,"href":"https:\/\/grupmach.es\/ca\/wp-json\/wp\/v2\/users\/4"}],"replies":[{"embeddable":true,"href":"https:\/\/grupmach.es\/ca\/wp-json\/wp\/v2\/comments?post=1504"}],"version-history":[{"count":1,"href":"https:\/\/grupmach.es\/ca\/wp-json\/wp\/v2\/pages\/1504\/revisions"}],"predecessor-version":[{"id":2621,"href":"https:\/\/grupmach.es\/ca\/wp-json\/wp\/v2\/pages\/1504\/revisions\/2621"}],"wp:attachment":[{"href":"https:\/\/grupmach.es\/ca\/wp-json\/wp\/v2\/media?parent=1504"}],"curies":[{"name":"wp","href":"https:\/\/api.w.org\/{rel}","templated":true}]}}