{"id":1500,"date":"2018-01-11T15:07:20","date_gmt":"2018-01-11T15:07:20","guid":{"rendered":"https:\/\/grupmach.es\/atencion-al-cliente\/"},"modified":"2018-10-09T14:19:15","modified_gmt":"2018-10-09T14:19:15","slug":"atencio-al-client","status":"publish","type":"page","link":"https:\/\/grupmach.es\/ca\/atencio-al-client\/","title":{"rendered":"Atenci\u00f3 al client"},"content":{"rendered":"<div class=\"fusion-fullwidth fullwidth-box fusion-builder-row-1 nonhundred-percent-fullwidth non-hundred-percent-height-scrolling\" style=\"--awb-border-radius-top-left:0px;--awb-border-radius-top-right:0px;--awb-border-radius-bottom-right:0px;--awb-border-radius-bottom-left:0px;\" ><div class=\"fusion-builder-row fusion-row\"><div class=\"fusion-layout-column fusion_builder_column fusion-builder-column-0 fusion_builder_column_1_1 1_1 fusion-one-full fusion-column-first fusion-column-last\" style=\"--awb-bg-size:cover;\"><div class=\"fusion-column-wrapper fusion-flex-column-wrapper-legacy\"><div class=\"fusion-content-boxes content-boxes columns row fusion-columns-1 fusion-columns-total-1 fusion-content-boxes-1 content-boxes-icon-with-title content-left\" style=\"--awb-hover-accent-color:#6180c0;--awb-circle-hover-accent-color:transparent;--awb-item-margin-bottom:40px;\" data-animationOffset=\"top-into-view\"><div style=\"--awb-backgroundcolor:rgba(255,255,255,0);\" class=\"fusion-column content-box-column content-box-column content-box-column-1 col-lg-12 col-md-12 col-sm-12 fusion-content-box-hover content-box-column-last content-box-column-last-in-row\"><div class=\"col content-box-wrapper content-wrapper link-area-box icon-hover-animation-slide\" data-animationOffset=\"top-into-view\"><div class=\"fusion-clearfix\"><\/div><div class=\"content-container\">\n<p style=\"text-align: center;\">En compliment de l&#8217;Ordre ECO \/ 734\/2004, de 11 de mar\u00e7, GRUPMACH S.L. Disposa d&#8217;un departament d&#8217;atenci\u00f3 al client.<\/p>\n<p style=\"text-align: center;\">Per contactar-lo, podeu fer-ho:<br \/>\n-Per correu electr\u00f2nic elcol-legi@elcol-legi.org<br \/>\nGRUPMACH S.L. C\/ Muntaner 479 5\u00ba 3\u00aa<br \/>\nTel. +34 93 301 97 08.<\/p>\n<\/div><\/div><\/div><div class=\"fusion-clearfix\"><\/div><\/div><div class=\"fusion-clearfix\"><\/div><\/div><\/div><\/div><\/div>\n","protected":false},"excerpt":{"rendered":"","protected":false},"author":4,"featured_media":0,"parent":0,"menu_order":0,"comment_status":"closed","ping_status":"closed","template":"","meta":[],"yoast_head":"<!-- This site is optimized with the Yoast SEO plugin v20.3 - https:\/\/yoast.com\/wordpress\/plugins\/seo\/ -->\n<title>Atenci\u00f3 al client | GRUPMACH | Corredoria d&#039;Assegurances a Barcelona<\/title>\n<meta name=\"description\" content=\"Informaci\u00f3 i contacte d&#039;atenci\u00f3 al client de GRUPMACH. Corredoria d&#039;Assegurances a Barcelona amb m\u00e9s de 20 anys d&#039;experi\u00e8ncia.\" \/>\n<meta name=\"robots\" content=\"index, follow, max-snippet:-1, max-image-preview:large, max-video-preview:-1\" \/>\n<link rel=\"canonical\" href=\"https:\/\/grupmach.es\/ca\/atencio-al-client\/\" \/>\n<meta property=\"og:locale\" content=\"ca_ES\" \/>\n<meta property=\"og:type\" content=\"article\" \/>\n<meta property=\"og:title\" content=\"Atenci\u00f3 al client | GRUPMACH | Corredoria d&#039;Assegurances a Barcelona\" \/>\n<meta property=\"og:description\" content=\"Informaci\u00f3 i contacte d&#039;atenci\u00f3 al client de GRUPMACH. Corredoria d&#039;Assegurances a Barcelona amb m\u00e9s de 20 anys d&#039;experi\u00e8ncia.\" \/>\n<meta property=\"og:url\" content=\"https:\/\/grupmach.es\/ca\/atencio-al-client\/\" \/>\n<meta property=\"og:site_name\" content=\"GRUPMACH\" \/>\n<meta property=\"article:modified_time\" content=\"2018-10-09T14:19:15+00:00\" \/>\n<meta name=\"twitter:card\" content=\"summary_large_image\" \/>\n<meta name=\"twitter:label1\" content=\"Temps estimat de lectura\" \/>\n\t<meta name=\"twitter:data1\" content=\"2 minuts\" \/>\n<script type=\"application\/ld+json\" class=\"yoast-schema-graph\">{\"@context\":\"https:\/\/schema.org\",\"@graph\":[{\"@type\":\"WebPage\",\"@id\":\"https:\/\/grupmach.es\/ca\/atencio-al-client\/\",\"url\":\"https:\/\/grupmach.es\/ca\/atencio-al-client\/\",\"name\":\"Atenci\u00f3 al client | GRUPMACH | Corredoria d'Assegurances a Barcelona\",\"isPartOf\":{\"@id\":\"https:\/\/grupmach.es\/#website\"},\"datePublished\":\"2018-01-11T15:07:20+00:00\",\"dateModified\":\"2018-10-09T14:19:15+00:00\",\"description\":\"Informaci\u00f3 i contacte d'atenci\u00f3 al client de GRUPMACH. Corredoria d'Assegurances a Barcelona amb m\u00e9s de 20 anys d'experi\u00e8ncia.\",\"breadcrumb\":{\"@id\":\"https:\/\/grupmach.es\/ca\/atencio-al-client\/#breadcrumb\"},\"inLanguage\":\"ca\",\"potentialAction\":[{\"@type\":\"ReadAction\",\"target\":[\"https:\/\/grupmach.es\/ca\/atencio-al-client\/\"]}]},{\"@type\":\"BreadcrumbList\",\"@id\":\"https:\/\/grupmach.es\/ca\/atencio-al-client\/#breadcrumb\",\"itemListElement\":[{\"@type\":\"ListItem\",\"position\":1,\"name\":\"Portada\",\"item\":\"https:\/\/grupmach.es\/ca\/\"},{\"@type\":\"ListItem\",\"position\":2,\"name\":\"Atenci\u00f3 al client\"}]},{\"@type\":\"WebSite\",\"@id\":\"https:\/\/grupmach.es\/#website\",\"url\":\"https:\/\/grupmach.es\/\",\"name\":\"GRUPMACH\",\"description\":\"Corredur\u00eda de Seguros\",\"publisher\":{\"@id\":\"https:\/\/grupmach.es\/#organization\"},\"potentialAction\":[{\"@type\":\"SearchAction\",\"target\":{\"@type\":\"EntryPoint\",\"urlTemplate\":\"https:\/\/grupmach.es\/?s={search_term_string}\"},\"query-input\":\"required name=search_term_string\"}],\"inLanguage\":\"ca\"},{\"@type\":\"Organization\",\"@id\":\"https:\/\/grupmach.es\/#organization\",\"name\":\"Grup Mach | Corredur\u00eda de Seguros\",\"url\":\"https:\/\/grupmach.es\/\",\"logo\":{\"@type\":\"ImageObject\",\"inLanguage\":\"ca\",\"@id\":\"https:\/\/grupmach.es\/#\/schema\/logo\/image\/\",\"url\":\"https:\/\/grupmach.es\/wp-content\/uploads\/2018\/01\/LOGO-GRUPMACH.jpg\",\"contentUrl\":\"https:\/\/grupmach.es\/wp-content\/uploads\/2018\/01\/LOGO-GRUPMACH.jpg\",\"width\":1349,\"height\":408,\"caption\":\"Grup Mach | Corredur\u00eda de Seguros\"},\"image\":{\"@id\":\"https:\/\/grupmach.es\/#\/schema\/logo\/image\/\"}}]}<\/script>\n<!-- \/ Yoast SEO plugin. -->","yoast_head_json":{"title":"Atenci\u00f3 al client | GRUPMACH | Corredoria d'Assegurances a Barcelona","description":"Informaci\u00f3 i contacte d'atenci\u00f3 al client de GRUPMACH. Corredoria d'Assegurances a Barcelona amb m\u00e9s de 20 anys d'experi\u00e8ncia.","robots":{"index":"index","follow":"follow","max-snippet":"max-snippet:-1","max-image-preview":"max-image-preview:large","max-video-preview":"max-video-preview:-1"},"canonical":"https:\/\/grupmach.es\/ca\/atencio-al-client\/","og_locale":"ca_ES","og_type":"article","og_title":"Atenci\u00f3 al client | GRUPMACH | Corredoria d'Assegurances a Barcelona","og_description":"Informaci\u00f3 i contacte d'atenci\u00f3 al client de GRUPMACH. Corredoria d'Assegurances a Barcelona amb m\u00e9s de 20 anys d'experi\u00e8ncia.","og_url":"https:\/\/grupmach.es\/ca\/atencio-al-client\/","og_site_name":"GRUPMACH","article_modified_time":"2018-10-09T14:19:15+00:00","twitter_card":"summary_large_image","twitter_misc":{"Temps estimat de lectura":"2 minuts"},"schema":{"@context":"https:\/\/schema.org","@graph":[{"@type":"WebPage","@id":"https:\/\/grupmach.es\/ca\/atencio-al-client\/","url":"https:\/\/grupmach.es\/ca\/atencio-al-client\/","name":"Atenci\u00f3 al client | GRUPMACH | Corredoria d'Assegurances a Barcelona","isPartOf":{"@id":"https:\/\/grupmach.es\/#website"},"datePublished":"2018-01-11T15:07:20+00:00","dateModified":"2018-10-09T14:19:15+00:00","description":"Informaci\u00f3 i contacte d'atenci\u00f3 al client de GRUPMACH. Corredoria d'Assegurances a Barcelona amb m\u00e9s de 20 anys d'experi\u00e8ncia.","breadcrumb":{"@id":"https:\/\/grupmach.es\/ca\/atencio-al-client\/#breadcrumb"},"inLanguage":"ca","potentialAction":[{"@type":"ReadAction","target":["https:\/\/grupmach.es\/ca\/atencio-al-client\/"]}]},{"@type":"BreadcrumbList","@id":"https:\/\/grupmach.es\/ca\/atencio-al-client\/#breadcrumb","itemListElement":[{"@type":"ListItem","position":1,"name":"Portada","item":"https:\/\/grupmach.es\/ca\/"},{"@type":"ListItem","position":2,"name":"Atenci\u00f3 al client"}]},{"@type":"WebSite","@id":"https:\/\/grupmach.es\/#website","url":"https:\/\/grupmach.es\/","name":"GRUPMACH","description":"Corredur\u00eda de Seguros","publisher":{"@id":"https:\/\/grupmach.es\/#organization"},"potentialAction":[{"@type":"SearchAction","target":{"@type":"EntryPoint","urlTemplate":"https:\/\/grupmach.es\/?s={search_term_string}"},"query-input":"required name=search_term_string"}],"inLanguage":"ca"},{"@type":"Organization","@id":"https:\/\/grupmach.es\/#organization","name":"Grup Mach | Corredur\u00eda de Seguros","url":"https:\/\/grupmach.es\/","logo":{"@type":"ImageObject","inLanguage":"ca","@id":"https:\/\/grupmach.es\/#\/schema\/logo\/image\/","url":"https:\/\/grupmach.es\/wp-content\/uploads\/2018\/01\/LOGO-GRUPMACH.jpg","contentUrl":"https:\/\/grupmach.es\/wp-content\/uploads\/2018\/01\/LOGO-GRUPMACH.jpg","width":1349,"height":408,"caption":"Grup Mach | Corredur\u00eda de Seguros"},"image":{"@id":"https:\/\/grupmach.es\/#\/schema\/logo\/image\/"}}]}},"_links":{"self":[{"href":"https:\/\/grupmach.es\/ca\/wp-json\/wp\/v2\/pages\/1500"}],"collection":[{"href":"https:\/\/grupmach.es\/ca\/wp-json\/wp\/v2\/pages"}],"about":[{"href":"https:\/\/grupmach.es\/ca\/wp-json\/wp\/v2\/types\/page"}],"author":[{"embeddable":true,"href":"https:\/\/grupmach.es\/ca\/wp-json\/wp\/v2\/users\/4"}],"replies":[{"embeddable":true,"href":"https:\/\/grupmach.es\/ca\/wp-json\/wp\/v2\/comments?post=1500"}],"version-history":[{"count":1,"href":"https:\/\/grupmach.es\/ca\/wp-json\/wp\/v2\/pages\/1500\/revisions"}],"predecessor-version":[{"id":2619,"href":"https:\/\/grupmach.es\/ca\/wp-json\/wp\/v2\/pages\/1500\/revisions\/2619"}],"wp:attachment":[{"href":"https:\/\/grupmach.es\/ca\/wp-json\/wp\/v2\/media?parent=1500"}],"curies":[{"name":"wp","href":"https:\/\/api.w.org\/{rel}","templated":true}]}}